{"id":79,"date":"2022-09-15T15:11:37","date_gmt":"2022-09-15T15:11:37","guid":{"rendered":"https:\/\/www.lumonc.com\/newpage\/product\/anti-inflammatory-digestive-system-gel\/"},"modified":"2023-06-09T19:27:56","modified_gmt":"2023-06-09T19:27:56","slug":"refreshing-shaping-gel","status":"publish","type":"product","link":"https:\/\/www.lumonc.com\/newpage\/product\/refreshing-shaping-gel\/","title":{"rendered":"Refreshing Shaping Gel"},"content":{"rendered":"<p>[et_pb_section fb_built=\u00bb1&#8243; theme_builder_area=\u00bbpost_content\u00bb _builder_version=\u00bb4.21.0&#8243; _module_preset=\u00bbdefault\u00bb][\/et_pb_section]<\/p>\n","protected":false},"excerpt":{"rendered":"<p>REFRESHING SHAPING GEL<\/p>\n<p>Nuestro gel contiene un complejo de ingredientes que provoca una refrescante sensaci\u00f3n de frio que hace el efecto de hieloterapia.<\/p>\n<p>Se trata de una t\u00e9cnica de masajes con frio que se hace en un spa y que ahora podr\u00e1s hacer desde la comodidad del hogar.<\/p>\n<p>Por los ingredientes de nuestro gel, como el agave azul, mentol, eucalipto, alcanfor te ayudaran a tonificar, reafirmar y reducir medidas.<\/p>\n<p>\u00daselo a diario, haciendote sencillos mensajes por la ma\u00f1ana despu\u00e9s del ba\u00f1o y por la noche antes de descansar.<\/p>\n<p>Apto para usar desde los dos a\u00f1os.<\/p>\n","protected":false},"featured_media":1008,"template":"","meta":{"_et_pb_use_builder":"on","_et_pb_old_content":"REFRESHING SHAPING GEL\r\n\r\nNuestro gel contiene un complejo de ingredientes que provoca una refrescante sensaci\u00f3n de frio que hace el efecto de hieloterapia.\r\n\r\nSe trata de una t\u00e9cnica de masajes con frio que se hace en un spa y que ahora podr\u00e1s hacer desde la comodidad del hogar.\r\n\r\nPor los ingredientes de nuestro gel, como el agave azul, mentol, eucalipto, alcanfor te ayudaran a tonificar, reafirmar y reducir medidas.\r\n\r\n\u00daselo a diario, haciendote sencillos mensajes por la ma\u00f1ana despu\u00e9s del ba\u00f1o y por la noche antes de descansar.\r\n\r\nApto para usar desde los dos a\u00f1os.","_et_gb_content_width":"","_coblocks_attr":"","_coblocks_dimensions":"","_coblocks_responsive_height":"","_coblocks_accordion_ie_support":""},"product_cat":[6],"product_tag":[],"_links":{"self":[{"href":"https:\/\/www.lumonc.com\/newpage\/wp-json\/wp\/v2\/product\/79"}],"collection":[{"href":"https:\/\/www.lumonc.com\/newpage\/wp-json\/wp\/v2\/product"}],"about":[{"href":"https:\/\/www.lumonc.com\/newpage\/wp-json\/wp\/v2\/types\/product"}],"wp:featuredmedia":[{"embeddable":true,"href":"https:\/\/www.lumonc.com\/newpage\/wp-json\/wp\/v2\/media\/1008"}],"wp:attachment":[{"href":"https:\/\/www.lumonc.com\/newpage\/wp-json\/wp\/v2\/media?parent=79"}],"wp:term":[{"taxonomy":"product_cat","embeddable":true,"href":"https:\/\/www.lumonc.com\/newpage\/wp-json\/wp\/v2\/product_cat?post=79"},{"taxonomy":"product_tag","embeddable":true,"href":"https:\/\/www.lumonc.com\/newpage\/wp-json\/wp\/v2\/product_tag?post=79"}],"curies":[{"name":"wp","href":"https:\/\/api.w.org\/{rel}","templated":true}]}}